{"id":248,"date":"2019-02-24T15:05:24","date_gmt":"2019-02-24T15:05:24","guid":{"rendered":"http:\/\/xn--hof-httenland-0ob.de\/?page_id=248"},"modified":"2019-02-27T13:47:42","modified_gmt":"2019-02-27T13:47:42","slug":"zwergenten","status":"publish","type":"page","link":"https:\/\/xn--hof-httenland-0ob.de\/?page_id=248","title":{"rendered":"Zwergenten"},"content":{"rendered":"\n<div class=\"wp-block-envira-envira-gallery\"><div id=\"envira-gallery-wrap-251\" class=\"envira-gallery-wrap envira-gallery-theme-base envira-lightbox-theme-base\" itemscope itemtype=\"https:\/\/schema.org\/ImageGallery\"><div data-row-height=\"\" data-gallery-theme=\"\" id=\"envira-gallery-251\" class=\"envira-gallery-public  envira-gallery-3-columns envira-clear enviratope envira-gallery-css-animations\" data-envira-columns=\"3\"><div id=\"envira-gallery-item-252\" class=\"envira-gallery-item enviratope-item envira-gallery-item-1 envira-lazy-load\" style=\"padding-left: 3px; padding-bottom: 5px; padding-right: 3px;\"  itemscope itemtype=\"https:\/\/schema.org\/ImageObject\"><div class=\"envira-gallery-item-inner\"><div class=\"envira-gallery-position-overlay  envira-gallery-top-left\"><\/div><div class=\"envira-gallery-position-overlay  envira-gallery-top-right\"><\/div><div class=\"envira-gallery-position-overlay  envira-gallery-bottom-left\"><\/div><div class=\"envira-gallery-position-overlay  envira-gallery-bottom-right\"><\/div><a href=\"http:\/\/xn--hof-httenland-0ob.de\/wp-content\/uploads\/2019\/02\/5u29c4fv.bmp\" class=\"envira-gallery-251 envira-gallery-link\" rel=\"enviragallery251\" title=\"\" data-envira-caption=\"\" data-envira-retina=\"\" data-thumbnail=\"\"  itemprop=\"contentUrl\"><div class=\"envira-lazy\" data-test-width=\"640\" data-test-height=\"480\" style=\"padding-bottom:75%;\"><img decoding=\"async\" id=\"envira-gallery-image-252\" class=\"envira-gallery-image envira-gallery-image-1\" data-envira-index=\"1\" src=\"https:\/\/xn--hof-httenland-0ob.de\/wp-content\/uploads\/2019\/02\/5u29c4fv-640x480.bmp\" data-envira-src=\"https:\/\/xn--hof-httenland-0ob.de\/wp-content\/uploads\/2019\/02\/5u29c4fv-640x480.bmp\" data-envira-gallery-id=\"251\" data-envira-item-id=\"252\" data-envira-caption=\"\" alt=\"\" title=\"\"  itemprop=\"thumbnailUrl\" data-envira-srcset=\"https:\/\/xn--hof-httenland-0ob.de\/wp-content\/uploads\/2019\/02\/5u29c4fv-640x480.bmp 400w,https:\/\/xn--hof-httenland-0ob.de\/wp-content\/uploads\/2019\/02\/5u29c4fv-640x480.bmp 2x\" srcset=\"data:image\/gif;base64,R0lGODlhAQABAIAAAP\/\/\/\/\/\/\/yH5BAEKAAEALAAAAAABAAEAAAICTAEAOw==\" \/><\/div><\/a><\/div><\/div><div id=\"envira-gallery-item-253\" class=\"envira-gallery-item enviratope-item envira-gallery-item-2 envira-lazy-load\" style=\"padding-left: 3px; padding-bottom: 5px; padding-right: 3px;\"  itemscope itemtype=\"https:\/\/schema.org\/ImageObject\"><div class=\"envira-gallery-item-inner\"><div class=\"envira-gallery-position-overlay  envira-gallery-top-left\"><\/div><div class=\"envira-gallery-position-overlay  envira-gallery-top-right\"><\/div><div class=\"envira-gallery-position-overlay  envira-gallery-bottom-left\"><\/div><div class=\"envira-gallery-position-overlay  envira-gallery-bottom-right\"><\/div><a href=\"http:\/\/xn--hof-httenland-0ob.de\/wp-content\/uploads\/2019\/02\/ha7ngj55.bmp\" class=\"envira-gallery-251 envira-gallery-link\" rel=\"enviragallery251\" title=\"\" data-envira-caption=\"\" data-envira-retina=\"\" data-thumbnail=\"\"  itemprop=\"contentUrl\"><div class=\"envira-lazy\" data-test-width=\"640\" data-test-height=\"480\" style=\"padding-bottom:75%;\"><img decoding=\"async\" id=\"envira-gallery-image-253\" class=\"envira-gallery-image envira-gallery-image-2\" data-envira-index=\"2\" src=\"https:\/\/xn--hof-httenland-0ob.de\/wp-content\/uploads\/2019\/02\/ha7ngj55-640x480.bmp\" data-envira-src=\"https:\/\/xn--hof-httenland-0ob.de\/wp-content\/uploads\/2019\/02\/ha7ngj55-640x480.bmp\" data-envira-gallery-id=\"251\" data-envira-item-id=\"253\" data-envira-caption=\"\" alt=\"\" title=\"\"  itemprop=\"thumbnailUrl\" data-envira-srcset=\"https:\/\/xn--hof-httenland-0ob.de\/wp-content\/uploads\/2019\/02\/ha7ngj55-640x480.bmp 400w,https:\/\/xn--hof-httenland-0ob.de\/wp-content\/uploads\/2019\/02\/ha7ngj55-640x480.bmp 2x\" srcset=\"data:image\/gif;base64,R0lGODlhAQABAIAAAP\/\/\/\/\/\/\/yH5BAEKAAEALAAAAAABAAEAAAICTAEAOw==\" \/><\/div><\/a><\/div><\/div><div id=\"envira-gallery-item-254\" class=\"envira-gallery-item enviratope-item envira-gallery-item-3 envira-lazy-load\" style=\"padding-left: 3px; padding-bottom: 5px; padding-right: 3px;\"  itemscope itemtype=\"https:\/\/schema.org\/ImageObject\"><div class=\"envira-gallery-item-inner\"><div class=\"envira-gallery-position-overlay  envira-gallery-top-left\"><\/div><div class=\"envira-gallery-position-overlay  envira-gallery-top-right\"><\/div><div class=\"envira-gallery-position-overlay  envira-gallery-bottom-left\"><\/div><div class=\"envira-gallery-position-overlay  envira-gallery-bottom-right\"><\/div><a href=\"http:\/\/xn--hof-httenland-0ob.de\/wp-content\/uploads\/2019\/02\/0lu3d4w0.bmp\" class=\"envira-gallery-251 envira-gallery-link\" rel=\"enviragallery251\" title=\"\" data-envira-caption=\"\" data-envira-retina=\"\" data-thumbnail=\"\"  itemprop=\"contentUrl\"><div class=\"envira-lazy\" data-test-width=\"640\" data-test-height=\"480\" style=\"padding-bottom:75%;\"><img decoding=\"async\" id=\"envira-gallery-image-254\" class=\"envira-gallery-image envira-gallery-image-3\" data-envira-index=\"3\" src=\"https:\/\/xn--hof-httenland-0ob.de\/wp-content\/uploads\/2019\/02\/0lu3d4w0-640x480.bmp\" data-envira-src=\"https:\/\/xn--hof-httenland-0ob.de\/wp-content\/uploads\/2019\/02\/0lu3d4w0-640x480.bmp\" data-envira-gallery-id=\"251\" data-envira-item-id=\"254\" data-envira-caption=\"\" alt=\"\" title=\"\"  itemprop=\"thumbnailUrl\" data-envira-srcset=\"https:\/\/xn--hof-httenland-0ob.de\/wp-content\/uploads\/2019\/02\/0lu3d4w0-640x480.bmp 400w,https:\/\/xn--hof-httenland-0ob.de\/wp-content\/uploads\/2019\/02\/0lu3d4w0-640x480.bmp 2x\" srcset=\"data:image\/gif;base64,R0lGODlhAQABAIAAAP\/\/\/\/\/\/\/yH5BAEKAAEALAAAAAABAAEAAAICTAEAOw==\" \/><\/div><\/a><\/div><\/div><div id=\"envira-gallery-item-255\" class=\"envira-gallery-item enviratope-item envira-gallery-item-4 envira-lazy-load\" style=\"padding-left: 3px; padding-bottom: 5px; padding-right: 3px;\"  itemscope itemtype=\"https:\/\/schema.org\/ImageObject\"><div class=\"envira-gallery-item-inner\"><div class=\"envira-gallery-position-overlay  envira-gallery-top-left\"><\/div><div class=\"envira-gallery-position-overlay  envira-gallery-top-right\"><\/div><div class=\"envira-gallery-position-overlay  envira-gallery-bottom-left\"><\/div><div class=\"envira-gallery-position-overlay  envira-gallery-bottom-right\"><\/div><a href=\"http:\/\/xn--hof-httenland-0ob.de\/wp-content\/uploads\/2019\/02\/vj5iktky.bmp\" class=\"envira-gallery-251 envira-gallery-link\" rel=\"enviragallery251\" title=\"\" data-envira-caption=\"\" data-envira-retina=\"\" data-thumbnail=\"\"  itemprop=\"contentUrl\"><div class=\"envira-lazy\" data-test-width=\"640\" data-test-height=\"480\" style=\"padding-bottom:75%;\"><img decoding=\"async\" id=\"envira-gallery-image-255\" class=\"envira-gallery-image envira-gallery-image-4\" data-envira-index=\"4\" src=\"https:\/\/xn--hof-httenland-0ob.de\/wp-content\/uploads\/2019\/02\/vj5iktky-640x480.bmp\" data-envira-src=\"https:\/\/xn--hof-httenland-0ob.de\/wp-content\/uploads\/2019\/02\/vj5iktky-640x480.bmp\" data-envira-gallery-id=\"251\" data-envira-item-id=\"255\" data-envira-caption=\"\" alt=\"\" title=\"\"  itemprop=\"thumbnailUrl\" data-envira-srcset=\"https:\/\/xn--hof-httenland-0ob.de\/wp-content\/uploads\/2019\/02\/vj5iktky-640x480.bmp 400w,https:\/\/xn--hof-httenland-0ob.de\/wp-content\/uploads\/2019\/02\/vj5iktky-640x480.bmp 2x\" srcset=\"data:image\/gif;base64,R0lGODlhAQABAIAAAP\/\/\/\/\/\/\/yH5BAEKAAEALAAAAAABAAEAAAICTAEAOw==\" \/><\/div><\/a><\/div><\/div><div id=\"envira-gallery-item-256\" class=\"envira-gallery-item enviratope-item envira-gallery-item-5 envira-lazy-load\" style=\"padding-left: 3px; padding-bottom: 5px; padding-right: 3px;\"  itemscope itemtype=\"https:\/\/schema.org\/ImageObject\"><div class=\"envira-gallery-item-inner\"><div class=\"envira-gallery-position-overlay  envira-gallery-top-left\"><\/div><div class=\"envira-gallery-position-overlay  envira-gallery-top-right\"><\/div><div class=\"envira-gallery-position-overlay  envira-gallery-bottom-left\"><\/div><div class=\"envira-gallery-position-overlay  envira-gallery-bottom-right\"><\/div><a href=\"http:\/\/xn--hof-httenland-0ob.de\/wp-content\/uploads\/2019\/02\/xzi2s4qm.bmp\" class=\"envira-gallery-251 envira-gallery-link\" rel=\"enviragallery251\" title=\"\" data-envira-caption=\"\" data-envira-retina=\"\" data-thumbnail=\"\"  itemprop=\"contentUrl\"><div class=\"envira-lazy\" data-test-width=\"640\" data-test-height=\"480\" style=\"padding-bottom:75%;\"><img decoding=\"async\" id=\"envira-gallery-image-256\" class=\"envira-gallery-image envira-gallery-image-5\" data-envira-index=\"5\" src=\"https:\/\/xn--hof-httenland-0ob.de\/wp-content\/uploads\/2019\/02\/xzi2s4qm-640x480.bmp\" data-envira-src=\"https:\/\/xn--hof-httenland-0ob.de\/wp-content\/uploads\/2019\/02\/xzi2s4qm-640x480.bmp\" data-envira-gallery-id=\"251\" data-envira-item-id=\"256\" data-envira-caption=\"\" alt=\"\" title=\"\"  itemprop=\"thumbnailUrl\" data-envira-srcset=\"https:\/\/xn--hof-httenland-0ob.de\/wp-content\/uploads\/2019\/02\/xzi2s4qm-640x480.bmp 400w,https:\/\/xn--hof-httenland-0ob.de\/wp-content\/uploads\/2019\/02\/xzi2s4qm-640x480.bmp 2x\" srcset=\"data:image\/gif;base64,R0lGODlhAQABAIAAAP\/\/\/\/\/\/\/yH5BAEKAAEALAAAAAABAAEAAAICTAEAOw==\" \/><\/div><\/a><\/div><\/div><div id=\"envira-gallery-item-257\" class=\"envira-gallery-item enviratope-item envira-gallery-item-6 envira-lazy-load\" style=\"padding-left: 3px; padding-bottom: 5px; padding-right: 3px;\"  itemscope itemtype=\"https:\/\/schema.org\/ImageObject\"><div class=\"envira-gallery-item-inner\"><div class=\"envira-gallery-position-overlay  envira-gallery-top-left\"><\/div><div class=\"envira-gallery-position-overlay  envira-gallery-top-right\"><\/div><div class=\"envira-gallery-position-overlay  envira-gallery-bottom-left\"><\/div><div class=\"envira-gallery-position-overlay  envira-gallery-bottom-right\"><\/div><a href=\"http:\/\/xn--hof-httenland-0ob.de\/wp-content\/uploads\/2019\/02\/e8epruc1.bmp\" class=\"envira-gallery-251 envira-gallery-link\" rel=\"enviragallery251\" title=\"\" data-envira-caption=\"\" data-envira-retina=\"\" data-thumbnail=\"\"  itemprop=\"contentUrl\"><div class=\"envira-lazy\" data-test-width=\"640\" data-test-height=\"480\" style=\"padding-bottom:75%;\"><img decoding=\"async\" id=\"envira-gallery-image-257\" class=\"envira-gallery-image envira-gallery-image-6\" data-envira-index=\"6\" src=\"https:\/\/xn--hof-httenland-0ob.de\/wp-content\/uploads\/2019\/02\/e8epruc1-640x480.bmp\" data-envira-src=\"https:\/\/xn--hof-httenland-0ob.de\/wp-content\/uploads\/2019\/02\/e8epruc1-640x480.bmp\" data-envira-gallery-id=\"251\" data-envira-item-id=\"257\" data-envira-caption=\"\" alt=\"\" title=\"\"  itemprop=\"thumbnailUrl\" data-envira-srcset=\"https:\/\/xn--hof-httenland-0ob.de\/wp-content\/uploads\/2019\/02\/e8epruc1-640x480.bmp 400w,https:\/\/xn--hof-httenland-0ob.de\/wp-content\/uploads\/2019\/02\/e8epruc1-640x480.bmp 2x\" srcset=\"data:image\/gif;base64,R0lGODlhAQABAIAAAP\/\/\/\/\/\/\/yH5BAEKAAEALAAAAAABAAEAAAICTAEAOw==\" \/><\/div><\/a><\/div><\/div><div id=\"envira-gallery-item-258\" class=\"envira-gallery-item enviratope-item envira-gallery-item-7 envira-lazy-load\" style=\"padding-left: 3px; padding-bottom: 5px; padding-right: 3px;\"  itemscope itemtype=\"https:\/\/schema.org\/ImageObject\"><div class=\"envira-gallery-item-inner\"><div class=\"envira-gallery-position-overlay  envira-gallery-top-left\"><\/div><div class=\"envira-gallery-position-overlay  envira-gallery-top-right\"><\/div><div class=\"envira-gallery-position-overlay  envira-gallery-bottom-left\"><\/div><div class=\"envira-gallery-position-overlay  envira-gallery-bottom-right\"><\/div><a href=\"http:\/\/xn--hof-httenland-0ob.de\/wp-content\/uploads\/2019\/02\/i7xi4k74.bmp\" class=\"envira-gallery-251 envira-gallery-link\" rel=\"enviragallery251\" title=\"\" data-envira-caption=\"\" data-envira-retina=\"\" data-thumbnail=\"\"  itemprop=\"contentUrl\"><div class=\"envira-lazy\" data-test-width=\"640\" data-test-height=\"480\" style=\"padding-bottom:75%;\"><img decoding=\"async\" id=\"envira-gallery-image-258\" class=\"envira-gallery-image envira-gallery-image-7\" data-envira-index=\"7\" src=\"https:\/\/xn--hof-httenland-0ob.de\/wp-content\/uploads\/2019\/02\/i7xi4k74-640x480.bmp\" data-envira-src=\"https:\/\/xn--hof-httenland-0ob.de\/wp-content\/uploads\/2019\/02\/i7xi4k74-640x480.bmp\" data-envira-gallery-id=\"251\" data-envira-item-id=\"258\" data-envira-caption=\"\" alt=\"\" title=\"\"  itemprop=\"thumbnailUrl\" data-envira-srcset=\"https:\/\/xn--hof-httenland-0ob.de\/wp-content\/uploads\/2019\/02\/i7xi4k74-640x480.bmp 400w,https:\/\/xn--hof-httenland-0ob.de\/wp-content\/uploads\/2019\/02\/i7xi4k74-640x480.bmp 2x\" srcset=\"data:image\/gif;base64,R0lGODlhAQABAIAAAP\/\/\/\/\/\/\/yH5BAEKAAEALAAAAAABAAEAAAICTAEAOw==\" \/><\/div><\/a><\/div><\/div><div id=\"envira-gallery-item-259\" class=\"envira-gallery-item enviratope-item envira-gallery-item-8 envira-lazy-load\" style=\"padding-left: 3px; padding-bottom: 5px; padding-right: 3px;\"  itemscope itemtype=\"https:\/\/schema.org\/ImageObject\"><div class=\"envira-gallery-item-inner\"><div class=\"envira-gallery-position-overlay  envira-gallery-top-left\"><\/div><div class=\"envira-gallery-position-overlay  envira-gallery-top-right\"><\/div><div class=\"envira-gallery-position-overlay  envira-gallery-bottom-left\"><\/div><div class=\"envira-gallery-position-overlay  envira-gallery-bottom-right\"><\/div><a href=\"http:\/\/xn--hof-httenland-0ob.de\/wp-content\/uploads\/2019\/02\/309oblbw.bmp\" class=\"envira-gallery-251 envira-gallery-link\" rel=\"enviragallery251\" title=\"\" data-envira-caption=\"\" data-envira-retina=\"\" data-thumbnail=\"\"  itemprop=\"contentUrl\"><div class=\"envira-lazy\" data-test-width=\"640\" data-test-height=\"480\" style=\"padding-bottom:75%;\"><img decoding=\"async\" id=\"envira-gallery-image-259\" class=\"envira-gallery-image envira-gallery-image-8\" data-envira-index=\"8\" src=\"https:\/\/xn--hof-httenland-0ob.de\/wp-content\/uploads\/2019\/02\/309oblbw-640x480.bmp\" data-envira-src=\"https:\/\/xn--hof-httenland-0ob.de\/wp-content\/uploads\/2019\/02\/309oblbw-640x480.bmp\" data-envira-gallery-id=\"251\" data-envira-item-id=\"259\" data-envira-caption=\"\" alt=\"\" title=\"\"  itemprop=\"thumbnailUrl\" data-envira-srcset=\"https:\/\/xn--hof-httenland-0ob.de\/wp-content\/uploads\/2019\/02\/309oblbw-640x480.bmp 400w,https:\/\/xn--hof-httenland-0ob.de\/wp-content\/uploads\/2019\/02\/309oblbw-640x480.bmp 2x\" srcset=\"data:image\/gif;base64,R0lGODlhAQABAIAAAP\/\/\/\/\/\/\/yH5BAEKAAEALAAAAAABAAEAAAICTAEAOw==\" \/><\/div><\/a><\/div><\/div><\/div><\/div><noscript><img decoding=\"async\" src=\"https:\/\/xn--hof-httenland-0ob.de\/wp-content\/uploads\/2019\/02\/5u29c4fv.bmp\" alt=\"\" \/><img decoding=\"async\" src=\"https:\/\/xn--hof-httenland-0ob.de\/wp-content\/uploads\/2019\/02\/ha7ngj55.bmp\" alt=\"\" \/><img decoding=\"async\" src=\"https:\/\/xn--hof-httenland-0ob.de\/wp-content\/uploads\/2019\/02\/0lu3d4w0.bmp\" alt=\"\" \/><img decoding=\"async\" src=\"https:\/\/xn--hof-httenland-0ob.de\/wp-content\/uploads\/2019\/02\/vj5iktky.bmp\" alt=\"\" \/><img decoding=\"async\" src=\"https:\/\/xn--hof-httenland-0ob.de\/wp-content\/uploads\/2019\/02\/xzi2s4qm.bmp\" alt=\"\" \/><img decoding=\"async\" src=\"https:\/\/xn--hof-httenland-0ob.de\/wp-content\/uploads\/2019\/02\/e8epruc1.bmp\" alt=\"\" \/><img decoding=\"async\" src=\"https:\/\/xn--hof-httenland-0ob.de\/wp-content\/uploads\/2019\/02\/i7xi4k74.bmp\" alt=\"\" \/><img decoding=\"async\" src=\"https:\/\/xn--hof-httenland-0ob.de\/wp-content\/uploads\/2019\/02\/309oblbw.bmp\" alt=\"\" \/><\/noscript><\/div>\n\n\n<div id=\"pl-gb248-69ed56d36ad45\"  class=\"panel-layout\" ><div id=\"pg-gb248-69ed56d36ad45-0\"  class=\"panel-grid panel-no-style\" ><div id=\"pgc-gb248-69ed56d36ad45-0-0\"  class=\"panel-grid-cell\" ><div id=\"panel-gb248-69ed56d36ad45-0-0-0\" class=\"so-panel widget panel-first-child panel-last-child\" data-index=\"0\" ><\/div><\/div><\/div><\/div>\n\n<p><strong>Herkunft<\/strong><\/p>\n<p>Anf\u00e4nge der Z\u00fcchtung unbekannt; zun\u00e4chst &#8211; besonders in den Niederlanden &#8211; als Lockente benutzt. ln England zuerst rassig durchgez\u00fcchtet.<\/p>\n<p><strong>Gesamteindruck<\/strong><\/p>\n<p>Zwergenhaft; gedrungener Rumpf; runder, dickbackiger Kopf; kurzer Schnabel; tief gestellt; sehr lebhaft.<\/p>\n<p><strong>Rassenmerkmale<\/strong><\/p>\n<p><strong>Rumpf:<\/strong> verh\u00e4ltnism\u00e4\u00dfig kurz; gut gerundet; nicht zu klein; fast waagerechte K\u00f6rperhaltung.<\/p>\n<p><strong>R\u00fccken:<\/strong> kurz; breit; leicht gew\u00f6lbt.<\/p>\n<p><strong>Brust:<\/strong> voll; gut gerundet.<\/p>\n<p><strong>Bauch:<\/strong> gut gew\u00f6lbt; ohne Wammenbildung.<\/p>\n<p><strong>Kopf:<\/strong> im Verh\u00e4ltnis zum Rumpf gro\u00df; gut gerundet; ziemlich hoch gew\u00f6lbte Stirn; gut entwickelte Backen; mit nicht allzu gro\u00dfer oder ohne Haube.<\/p>\n<p><strong>Schnabel:<\/strong> kurz; breit; nicht senkend; Firstlinie deutlich eingebogen; Farbe unterschiedlich.<\/p>\n<p><strong>Augen:<\/strong> dunkel; sehr lebhaft; fast in der Mitte des Kopfes.<\/p>\n<p><strong>Hals:<\/strong> kurz, leicht gebogen; volle Kehle.<\/p>\n<p><strong>Fl\u00fcgel:<\/strong> verh\u00e4ltnism\u00e4\u00dfig lang; Handschwingen \u00fcber dem B\u00fcrzel leicht kreuzend.<\/p>\n<p><strong>Schwanz:<\/strong> m\u00f6glichst kurz; geschlossen und waagerecht getragen.<\/p>\n<p><strong>Schenkel:<\/strong> nicht hervortretend.<\/p>\n<p><strong>Laufe:<\/strong> kurz; unter der Mitte des K\u00f6rpers; Farbe unterschiedlich.<\/p>\n<p><strong>Gefieder:<\/strong> straff anliegend.<\/p>\n<p><strong>Gewichte:<\/strong> Erpel 0,9 kg,&nbsp;Ente&nbsp;0,8 kg.<\/p>\n<p><strong>Bruteier-Mindestgewicht:<\/strong>&nbsp;30 g.<\/p>\n<p><strong>Schalenfarbe der Eier:<\/strong> Wei\u00df bis gr\u00fcnlich.<\/p>\n<p><strong>Ringgr\u00f6\u00dfen:<\/strong> Beide Geschlechter 9.<\/p>\n<p><\/p>\n\n\n<blockquote class=\"wp-block-quote\"><p> Rassegefl\u00fcgel-Standard f\u00fcr Europa (in Farbe)<br> Hobby- und Kleintierz\u00fcchter<br> Verlagsgesellschaft mbH &amp; Co. KG  <\/p><\/blockquote>\n","protected":false},"excerpt":{"rendered":"<p>Herkunft Anf\u00e4nge der Z\u00fcchtung unbekannt; zun\u00e4chst &#8211; besonders in den Niederlanden &#8211; als Lockente benutzt. ln England zuerst rassig durchgez\u00fcchtet. Gesamteindruck Zwergenhaft; gedrungener Rumpf; runder, dickbackiger Kopf; kurzer Schnabel; tief gestellt; sehr lebhaft. Rassenmerkmale Rumpf: verh\u00e4ltnism\u00e4\u00dfig kurz; gut gerundet; nicht zu klein; fast waagerechte K\u00f6rperhaltung. R\u00fccken: kurz; breit; leicht gew\u00f6lbt. Brust: voll; gut gerundet. Bauch: gut gew\u00f6lbt; ohne Wammenbildung. Kopf: im Verh\u00e4ltnis zum Rumpf gro\u00df; gut gerundet; ziemlich hoch gew\u00f6lbte Stirn; gut entwickelte Backen; mit nicht allzu gro\u00dfer oder ohne Haube. Schnabel: kurz; breit; nicht senkend; Firstlinie deutlich eingebogen; Farbe unterschiedlich. Augen: dunkel; sehr lebhaft; fast in der Mitte des Kopfes. Hals: kurz, leicht gebogen; volle Kehle. Fl\u00fcgel: verh\u00e4ltnism\u00e4\u00dfig lang; Handschwingen \u00fcber dem B\u00fcrzel leicht kreuzend. Schwanz: m\u00f6glichst kurz; geschlossen und waagerecht getragen. Schenkel: nicht hervortretend. Laufe: kurz; unter der Mitte des K\u00f6rpers; Farbe unterschiedlich. Gefieder: straff anliegend. Gewichte: Erpel 0,9 kg,&nbsp;Ente&nbsp;0,8 kg. Bruteier-Mindestgewicht:&nbsp;30 g. Schalenfarbe der Eier: Wei\u00df bis gr\u00fcnlich. Ringgr\u00f6\u00dfen: Beide Geschlechter 9. Rassegefl\u00fcgel-Standard f\u00fcr Europa (in Farbe) Hobby- und Kleintierz\u00fcchter Verlagsgesellschaft mbH &amp; Co. KG<\/p>\n","protected":false},"author":1,"featured_media":0,"parent":0,"menu_order":0,"comment_status":"closed","ping_status":"closed","template":"","meta":{"footnotes":""},"_links":{"self":[{"href":"https:\/\/xn--hof-httenland-0ob.de\/index.php?rest_route=\/wp\/v2\/pages\/248"}],"collection":[{"href":"https:\/\/xn--hof-httenland-0ob.de\/index.php?rest_route=\/wp\/v2\/pages"}],"about":[{"href":"https:\/\/xn--hof-httenland-0ob.de\/index.php?rest_route=\/wp\/v2\/types\/page"}],"author":[{"embeddable":true,"href":"https:\/\/xn--hof-httenland-0ob.de\/index.php?rest_route=\/wp\/v2\/users\/1"}],"replies":[{"embeddable":true,"href":"https:\/\/xn--hof-httenland-0ob.de\/index.php?rest_route=%2Fwp%2Fv2%2Fcomments&post=248"}],"version-history":[{"count":5,"href":"https:\/\/xn--hof-httenland-0ob.de\/index.php?rest_route=\/wp\/v2\/pages\/248\/revisions"}],"predecessor-version":[{"id":436,"href":"https:\/\/xn--hof-httenland-0ob.de\/index.php?rest_route=\/wp\/v2\/pages\/248\/revisions\/436"}],"wp:attachment":[{"href":"https:\/\/xn--hof-httenland-0ob.de\/index.php?rest_route=%2Fwp%2Fv2%2Fmedia&parent=248"}],"curies":[{"name":"wp","href":"https:\/\/api.w.org\/{rel}","templated":true}]}}