{"id":237,"date":"2019-02-24T15:03:46","date_gmt":"2019-02-24T15:03:46","guid":{"rendered":"http:\/\/xn--hof-httenland-0ob.de\/?page_id=237"},"modified":"2019-02-27T13:44:31","modified_gmt":"2019-02-27T13:44:31","slug":"deutsche-zwerg-lachshuehner","status":"publish","type":"page","link":"https:\/\/xn--hof-httenland-0ob.de\/?page_id=237","title":{"rendered":"Deutsche Zwerg-Lachsh\u00fchner"},"content":{"rendered":"\n<div class=\"wp-block-envira-envira-gallery\"><div id=\"envira-gallery-wrap-239\" class=\"envira-gallery-wrap envira-gallery-theme-base envira-lightbox-theme-base\" itemscope itemtype=\"https:\/\/schema.org\/ImageGallery\"><div data-row-height=\"\" data-gallery-theme=\"\" id=\"envira-gallery-239\" class=\"envira-gallery-public  envira-gallery-3-columns envira-clear enviratope envira-gallery-css-animations\" data-envira-columns=\"3\"><div id=\"envira-gallery-item-240\" class=\"envira-gallery-item enviratope-item envira-gallery-item-1 envira-lazy-load\" style=\"padding-left: 3px; padding-bottom: 5px; padding-right: 3px;\"  itemscope itemtype=\"https:\/\/schema.org\/ImageObject\"><div class=\"envira-gallery-item-inner\"><div class=\"envira-gallery-position-overlay  envira-gallery-top-left\"><\/div><div class=\"envira-gallery-position-overlay  envira-gallery-top-right\"><\/div><div class=\"envira-gallery-position-overlay  envira-gallery-bottom-left\"><\/div><div class=\"envira-gallery-position-overlay  envira-gallery-bottom-right\"><\/div><a href=\"http:\/\/xn--hof-httenland-0ob.de\/wp-content\/uploads\/2019\/02\/lmkptebb.bmp\" class=\"envira-gallery-239 envira-gallery-link\" rel=\"enviragallery239\" title=\"\" data-envira-caption=\"\" data-envira-retina=\"\" data-thumbnail=\"\"  itemprop=\"contentUrl\"><div class=\"envira-lazy\" data-test-width=\"640\" data-test-height=\"480\" style=\"padding-bottom:75%;\"><img decoding=\"async\" id=\"envira-gallery-image-240\" class=\"envira-gallery-image envira-gallery-image-1\" data-envira-index=\"1\" src=\"https:\/\/xn--hof-httenland-0ob.de\/wp-content\/uploads\/2019\/02\/lmkptebb-640x480.bmp\" data-envira-src=\"https:\/\/xn--hof-httenland-0ob.de\/wp-content\/uploads\/2019\/02\/lmkptebb-640x480.bmp\" data-envira-gallery-id=\"239\" data-envira-item-id=\"240\" data-envira-caption=\"\" alt=\"\" title=\"\"  itemprop=\"thumbnailUrl\" data-envira-srcset=\"https:\/\/xn--hof-httenland-0ob.de\/wp-content\/uploads\/2019\/02\/lmkptebb-640x480.bmp 400w,https:\/\/xn--hof-httenland-0ob.de\/wp-content\/uploads\/2019\/02\/lmkptebb-640x480.bmp 2x\" srcset=\"data:image\/gif;base64,R0lGODlhAQABAIAAAP\/\/\/\/\/\/\/yH5BAEKAAEALAAAAAABAAEAAAICTAEAOw==\" \/><\/div><\/a><\/div><\/div><div id=\"envira-gallery-item-241\" class=\"envira-gallery-item enviratope-item envira-gallery-item-2 envira-lazy-load\" style=\"padding-left: 3px; padding-bottom: 5px; padding-right: 3px;\"  itemscope itemtype=\"https:\/\/schema.org\/ImageObject\"><div class=\"envira-gallery-item-inner\"><div class=\"envira-gallery-position-overlay  envira-gallery-top-left\"><\/div><div class=\"envira-gallery-position-overlay  envira-gallery-top-right\"><\/div><div class=\"envira-gallery-position-overlay  envira-gallery-bottom-left\"><\/div><div class=\"envira-gallery-position-overlay  envira-gallery-bottom-right\"><\/div><a href=\"http:\/\/xn--hof-httenland-0ob.de\/wp-content\/uploads\/2019\/02\/3fm39jgh.bmp\" class=\"envira-gallery-239 envira-gallery-link\" rel=\"enviragallery239\" title=\"\" data-envira-caption=\"\" data-envira-retina=\"\" data-thumbnail=\"\"  itemprop=\"contentUrl\"><div class=\"envira-lazy\" data-test-width=\"640\" data-test-height=\"480\" style=\"padding-bottom:75%;\"><img decoding=\"async\" id=\"envira-gallery-image-241\" class=\"envira-gallery-image envira-gallery-image-2\" data-envira-index=\"2\" src=\"https:\/\/xn--hof-httenland-0ob.de\/wp-content\/uploads\/2019\/02\/3fm39jgh-640x480.bmp\" data-envira-src=\"https:\/\/xn--hof-httenland-0ob.de\/wp-content\/uploads\/2019\/02\/3fm39jgh-640x480.bmp\" data-envira-gallery-id=\"239\" data-envira-item-id=\"241\" data-envira-caption=\"\" alt=\"\" title=\"\"  itemprop=\"thumbnailUrl\" data-envira-srcset=\"https:\/\/xn--hof-httenland-0ob.de\/wp-content\/uploads\/2019\/02\/3fm39jgh-640x480.bmp 400w,https:\/\/xn--hof-httenland-0ob.de\/wp-content\/uploads\/2019\/02\/3fm39jgh-640x480.bmp 2x\" srcset=\"data:image\/gif;base64,R0lGODlhAQABAIAAAP\/\/\/\/\/\/\/yH5BAEKAAEALAAAAAABAAEAAAICTAEAOw==\" \/><\/div><\/a><\/div><\/div><div id=\"envira-gallery-item-242\" class=\"envira-gallery-item enviratope-item envira-gallery-item-3 envira-lazy-load\" style=\"padding-left: 3px; padding-bottom: 5px; padding-right: 3px;\"  itemscope itemtype=\"https:\/\/schema.org\/ImageObject\"><div class=\"envira-gallery-item-inner\"><div class=\"envira-gallery-position-overlay  envira-gallery-top-left\"><\/div><div class=\"envira-gallery-position-overlay  envira-gallery-top-right\"><\/div><div class=\"envira-gallery-position-overlay  envira-gallery-bottom-left\"><\/div><div class=\"envira-gallery-position-overlay  envira-gallery-bottom-right\"><\/div><a href=\"http:\/\/xn--hof-httenland-0ob.de\/wp-content\/uploads\/2019\/02\/gq6nemgt.bmp\" class=\"envira-gallery-239 envira-gallery-link\" rel=\"enviragallery239\" title=\"\" data-envira-caption=\"\" data-envira-retina=\"\" data-thumbnail=\"\"  itemprop=\"contentUrl\"><div class=\"envira-lazy\" data-test-width=\"640\" data-test-height=\"480\" style=\"padding-bottom:75%;\"><img decoding=\"async\" id=\"envira-gallery-image-242\" class=\"envira-gallery-image envira-gallery-image-3\" data-envira-index=\"3\" src=\"https:\/\/xn--hof-httenland-0ob.de\/wp-content\/uploads\/2019\/02\/gq6nemgt-640x480.bmp\" data-envira-src=\"https:\/\/xn--hof-httenland-0ob.de\/wp-content\/uploads\/2019\/02\/gq6nemgt-640x480.bmp\" data-envira-gallery-id=\"239\" data-envira-item-id=\"242\" data-envira-caption=\"\" alt=\"\" title=\"\"  itemprop=\"thumbnailUrl\" data-envira-srcset=\"https:\/\/xn--hof-httenland-0ob.de\/wp-content\/uploads\/2019\/02\/gq6nemgt-640x480.bmp 400w,https:\/\/xn--hof-httenland-0ob.de\/wp-content\/uploads\/2019\/02\/gq6nemgt-640x480.bmp 2x\" srcset=\"data:image\/gif;base64,R0lGODlhAQABAIAAAP\/\/\/\/\/\/\/yH5BAEKAAEALAAAAAABAAEAAAICTAEAOw==\" \/><\/div><\/a><\/div><\/div><div id=\"envira-gallery-item-243\" class=\"envira-gallery-item enviratope-item envira-gallery-item-4 envira-lazy-load\" style=\"padding-left: 3px; padding-bottom: 5px; padding-right: 3px;\"  itemscope itemtype=\"https:\/\/schema.org\/ImageObject\"><div class=\"envira-gallery-item-inner\"><div class=\"envira-gallery-position-overlay  envira-gallery-top-left\"><\/div><div class=\"envira-gallery-position-overlay  envira-gallery-top-right\"><\/div><div class=\"envira-gallery-position-overlay  envira-gallery-bottom-left\"><\/div><div class=\"envira-gallery-position-overlay  envira-gallery-bottom-right\"><\/div><a href=\"http:\/\/xn--hof-httenland-0ob.de\/wp-content\/uploads\/2019\/02\/zerurqmy.bmp\" class=\"envira-gallery-239 envira-gallery-link\" rel=\"enviragallery239\" title=\"\" data-envira-caption=\"\" data-envira-retina=\"\" data-thumbnail=\"\"  itemprop=\"contentUrl\"><div class=\"envira-lazy\" data-test-width=\"640\" data-test-height=\"480\" style=\"padding-bottom:75%;\"><img decoding=\"async\" id=\"envira-gallery-image-243\" class=\"envira-gallery-image envira-gallery-image-4\" data-envira-index=\"4\" src=\"https:\/\/xn--hof-httenland-0ob.de\/wp-content\/uploads\/2019\/02\/zerurqmy-640x480.bmp\" data-envira-src=\"https:\/\/xn--hof-httenland-0ob.de\/wp-content\/uploads\/2019\/02\/zerurqmy-640x480.bmp\" data-envira-gallery-id=\"239\" data-envira-item-id=\"243\" data-envira-caption=\"\" alt=\"\" title=\"\"  itemprop=\"thumbnailUrl\" data-envira-srcset=\"https:\/\/xn--hof-httenland-0ob.de\/wp-content\/uploads\/2019\/02\/zerurqmy-640x480.bmp 400w,https:\/\/xn--hof-httenland-0ob.de\/wp-content\/uploads\/2019\/02\/zerurqmy-640x480.bmp 2x\" srcset=\"data:image\/gif;base64,R0lGODlhAQABAIAAAP\/\/\/\/\/\/\/yH5BAEKAAEALAAAAAABAAEAAAICTAEAOw==\" \/><\/div><\/a><\/div><\/div><div id=\"envira-gallery-item-244\" class=\"envira-gallery-item enviratope-item envira-gallery-item-5 envira-lazy-load\" style=\"padding-left: 3px; padding-bottom: 5px; padding-right: 3px;\"  itemscope itemtype=\"https:\/\/schema.org\/ImageObject\"><div class=\"envira-gallery-item-inner\"><div class=\"envira-gallery-position-overlay  envira-gallery-top-left\"><\/div><div class=\"envira-gallery-position-overlay  envira-gallery-top-right\"><\/div><div class=\"envira-gallery-position-overlay  envira-gallery-bottom-left\"><\/div><div class=\"envira-gallery-position-overlay  envira-gallery-bottom-right\"><\/div><a href=\"http:\/\/xn--hof-httenland-0ob.de\/wp-content\/uploads\/2019\/02\/9f24y4iq.bmp\" class=\"envira-gallery-239 envira-gallery-link\" rel=\"enviragallery239\" title=\"\" data-envira-caption=\"\" data-envira-retina=\"\" data-thumbnail=\"\"  itemprop=\"contentUrl\"><div class=\"envira-lazy\" data-test-width=\"640\" data-test-height=\"480\" style=\"padding-bottom:75%;\"><img decoding=\"async\" id=\"envira-gallery-image-244\" class=\"envira-gallery-image envira-gallery-image-5\" data-envira-index=\"5\" src=\"https:\/\/xn--hof-httenland-0ob.de\/wp-content\/uploads\/2019\/02\/9f24y4iq-640x480.bmp\" data-envira-src=\"https:\/\/xn--hof-httenland-0ob.de\/wp-content\/uploads\/2019\/02\/9f24y4iq-640x480.bmp\" data-envira-gallery-id=\"239\" data-envira-item-id=\"244\" data-envira-caption=\"\" alt=\"\" title=\"\"  itemprop=\"thumbnailUrl\" data-envira-srcset=\"https:\/\/xn--hof-httenland-0ob.de\/wp-content\/uploads\/2019\/02\/9f24y4iq-640x480.bmp 400w,https:\/\/xn--hof-httenland-0ob.de\/wp-content\/uploads\/2019\/02\/9f24y4iq-640x480.bmp 2x\" srcset=\"data:image\/gif;base64,R0lGODlhAQABAIAAAP\/\/\/\/\/\/\/yH5BAEKAAEALAAAAAABAAEAAAICTAEAOw==\" \/><\/div><\/a><\/div><\/div><div id=\"envira-gallery-item-245\" class=\"envira-gallery-item enviratope-item envira-gallery-item-6 envira-lazy-load\" style=\"padding-left: 3px; padding-bottom: 5px; padding-right: 3px;\"  itemscope itemtype=\"https:\/\/schema.org\/ImageObject\"><div class=\"envira-gallery-item-inner\"><div class=\"envira-gallery-position-overlay  envira-gallery-top-left\"><\/div><div class=\"envira-gallery-position-overlay  envira-gallery-top-right\"><\/div><div class=\"envira-gallery-position-overlay  envira-gallery-bottom-left\"><\/div><div class=\"envira-gallery-position-overlay  envira-gallery-bottom-right\"><\/div><a href=\"http:\/\/xn--hof-httenland-0ob.de\/wp-content\/uploads\/2019\/02\/hk7a1e7z.bmp\" class=\"envira-gallery-239 envira-gallery-link\" rel=\"enviragallery239\" title=\"\" data-envira-caption=\"\" data-envira-retina=\"\" data-thumbnail=\"\"  itemprop=\"contentUrl\"><div class=\"envira-lazy\" data-test-width=\"640\" data-test-height=\"480\" style=\"padding-bottom:75%;\"><img decoding=\"async\" id=\"envira-gallery-image-245\" class=\"envira-gallery-image envira-gallery-image-6\" data-envira-index=\"6\" src=\"https:\/\/xn--hof-httenland-0ob.de\/wp-content\/uploads\/2019\/02\/hk7a1e7z-640x480.bmp\" data-envira-src=\"https:\/\/xn--hof-httenland-0ob.de\/wp-content\/uploads\/2019\/02\/hk7a1e7z-640x480.bmp\" data-envira-gallery-id=\"239\" data-envira-item-id=\"245\" data-envira-caption=\"\" alt=\"\" title=\"\"  itemprop=\"thumbnailUrl\" data-envira-srcset=\"https:\/\/xn--hof-httenland-0ob.de\/wp-content\/uploads\/2019\/02\/hk7a1e7z-640x480.bmp 400w,https:\/\/xn--hof-httenland-0ob.de\/wp-content\/uploads\/2019\/02\/hk7a1e7z-640x480.bmp 2x\" srcset=\"data:image\/gif;base64,R0lGODlhAQABAIAAAP\/\/\/\/\/\/\/yH5BAEKAAEALAAAAAABAAEAAAICTAEAOw==\" \/><\/div><\/a><\/div><\/div><div id=\"envira-gallery-item-246\" class=\"envira-gallery-item enviratope-item envira-gallery-item-7 envira-lazy-load\" style=\"padding-left: 3px; padding-bottom: 5px; padding-right: 3px;\"  itemscope itemtype=\"https:\/\/schema.org\/ImageObject\"><div class=\"envira-gallery-item-inner\"><div class=\"envira-gallery-position-overlay  envira-gallery-top-left\"><\/div><div class=\"envira-gallery-position-overlay  envira-gallery-top-right\"><\/div><div class=\"envira-gallery-position-overlay  envira-gallery-bottom-left\"><\/div><div class=\"envira-gallery-position-overlay  envira-gallery-bottom-right\"><\/div><a href=\"http:\/\/xn--hof-httenland-0ob.de\/wp-content\/uploads\/2019\/02\/bdspqq0p.bmp\" class=\"envira-gallery-239 envira-gallery-link\" rel=\"enviragallery239\" title=\"\" data-envira-caption=\"\" data-envira-retina=\"\" data-thumbnail=\"\"  itemprop=\"contentUrl\"><div class=\"envira-lazy\" data-test-width=\"640\" data-test-height=\"480\" style=\"padding-bottom:75%;\"><img decoding=\"async\" id=\"envira-gallery-image-246\" class=\"envira-gallery-image envira-gallery-image-7\" data-envira-index=\"7\" src=\"https:\/\/xn--hof-httenland-0ob.de\/wp-content\/uploads\/2019\/02\/bdspqq0p-640x480.bmp\" data-envira-src=\"https:\/\/xn--hof-httenland-0ob.de\/wp-content\/uploads\/2019\/02\/bdspqq0p-640x480.bmp\" data-envira-gallery-id=\"239\" data-envira-item-id=\"246\" data-envira-caption=\"\" alt=\"\" title=\"\"  itemprop=\"thumbnailUrl\" data-envira-srcset=\"https:\/\/xn--hof-httenland-0ob.de\/wp-content\/uploads\/2019\/02\/bdspqq0p-640x480.bmp 400w,https:\/\/xn--hof-httenland-0ob.de\/wp-content\/uploads\/2019\/02\/bdspqq0p-640x480.bmp 2x\" srcset=\"data:image\/gif;base64,R0lGODlhAQABAIAAAP\/\/\/\/\/\/\/yH5BAEKAAEALAAAAAABAAEAAAICTAEAOw==\" \/><\/div><\/a><\/div><\/div><\/div><\/div><noscript><img decoding=\"async\" src=\"https:\/\/xn--hof-httenland-0ob.de\/wp-content\/uploads\/2019\/02\/lmkptebb.bmp\" alt=\"\" \/><img decoding=\"async\" src=\"https:\/\/xn--hof-httenland-0ob.de\/wp-content\/uploads\/2019\/02\/3fm39jgh.bmp\" alt=\"\" \/><img decoding=\"async\" src=\"https:\/\/xn--hof-httenland-0ob.de\/wp-content\/uploads\/2019\/02\/gq6nemgt.bmp\" alt=\"\" \/><img decoding=\"async\" src=\"https:\/\/xn--hof-httenland-0ob.de\/wp-content\/uploads\/2019\/02\/zerurqmy.bmp\" alt=\"\" \/><img decoding=\"async\" src=\"https:\/\/xn--hof-httenland-0ob.de\/wp-content\/uploads\/2019\/02\/9f24y4iq.bmp\" alt=\"\" \/><img decoding=\"async\" src=\"https:\/\/xn--hof-httenland-0ob.de\/wp-content\/uploads\/2019\/02\/hk7a1e7z.bmp\" alt=\"\" \/><img decoding=\"async\" src=\"https:\/\/xn--hof-httenland-0ob.de\/wp-content\/uploads\/2019\/02\/bdspqq0p.bmp\" alt=\"\" \/><\/noscript><\/div>\n\n\n<div id=\"pl-gb237-69ed6cca6e8d9\"  class=\"panel-layout\" ><div id=\"pg-gb237-69ed6cca6e8d9-0\"  class=\"panel-grid panel-no-style\" ><div id=\"pgc-gb237-69ed6cca6e8d9-0-0\"  class=\"panel-grid-cell\" ><div id=\"panel-gb237-69ed6cca6e8d9-0-0-0\" class=\"so-panel widget panel-first-child panel-last-child\" data-index=\"0\" ><\/div><\/div><\/div><\/div>\n\n<p><span style=\"font-family: georgia, palatino, serif;\"><strong>Herkunft<\/strong><\/span><\/p>\n<p><span style=\"font-family: georgia, palatino, serif;\">ln Deutschland erz\u00fcchtet, 1929 erstmalig ausgestellt.<\/span><\/p>\n<p><span style=\"font-family: georgia, palatino, serif;\"><strong>Gesamteindruck<\/strong><\/span><\/p>\n<p><span style=\"font-family: georgia, palatino, serif;\">Bewegliches, f\u00fcnfzehiges Zwerghuhn mit vollem, breitem, aber nicht plumpem K\u00f6rper, feinem Knochenbau, mittelhoher Stellung, voller Befiederung, vollem Bart, befiederten L\u00e4ufen und sehr zutraulichem Wesen.<\/span><\/p>\n<p><span style=\"font-family: georgia, palatino, serif;\"><strong>Rassenmerkmale Hahn<\/strong><\/span><\/p>\n<p><span style=\"font-family: georgia, palatino, serif;\">Rumpf: breit; tief; lang; in der Seitenansicht ein in die L\u00e4nge gezogenes, hinten etwas tieferes Viereck bildend; waagerecht getragen.<\/span><\/p>\n<p><span style=\"font-family: georgia, palatino, serif;\"><strong>Hals:<\/strong> mittellang; kr\u00e4ftig; voller Behang.<\/span><\/p>\n<p><span style=\"font-family: georgia, palatino, serif;\"><strong>R\u00fccken:<\/strong> lang; gerade; in ganzer L\u00e4nge breit.<\/span><\/p>\n<p><span style=\"font-family: georgia, palatino, serif;\"><strong>Schultern:<\/strong> breit.<\/span><\/p>\n<p><span style=\"font-family: georgia, palatino, serif;\"><strong>Fl\u00fcgel:<\/strong> fest anliegend; waagerecht getragen.<\/span><\/p>\n<p><span style=\"font-family: georgia, palatino, serif;\"><strong>Sattel:<\/strong> breit; voll; \ufb02ach in der Oberlinie.<\/span><\/p>\n<p><span style=\"font-family: georgia, palatino, serif;\"><strong>Schwanz:<\/strong> verh\u00e4ltnism\u00e4\u00dfig kurzfedrig; voll mit kurzen Sicheln bedeckt; leicht ansteigend getragen.<\/span><\/p>\n<p><span style=\"font-family: georgia, palatino, serif;\"><strong>Brust:<\/strong> breit; voll; tief; gut gerundet; weit nach vorn reichend.<\/span><\/p>\n<p><span style=\"font-family: georgia, palatino, serif;\"><strong>Bauch:<\/strong> breit, voll.<\/span><\/p>\n<p><span style=\"font-family: georgia, palatino, serif;\"><strong>Kopf:<\/strong> verh\u00e4ltnism\u00e4\u00dfig klein.<\/span><\/p>\n<p><span style=\"font-family: georgia, palatino, serif;\"><strong>Gesicht:<\/strong> befiedert.<\/span><\/p>\n<p><span style=\"font-family: georgia, palatino, serif;\"><strong>Kamm:<\/strong> einfach; aufrecht stehend; klein bis mittelgro\u00df; regelm\u00e4\u00dfig gezackt.<\/span><\/p>\n<p><span style=\"font-family: georgia, palatino, serif;\"><strong>Kehllappen:<\/strong> sehr klein; vom Bart verdeckt.<\/span><\/p>\n<p><span style=\"font-family: georgia, palatino, serif;\"><strong>Ohrlappen:<\/strong> vom Bart verdeckt; belanglos. Augen: orangefarbig bis rot.<\/span><\/p>\n<p><span style=\"font-family: georgia, palatino, serif;\"><strong>Schnabel:<\/strong> kurz; kr\u00e4ftig; hell bis hornfarbig.<\/span><\/p>\n<p><span style=\"font-family: georgia, palatino, serif;\"><strong>Bart:<\/strong> sehr voller Backen- und Kehlbart.<\/span><\/p>\n<p><span style=\"font-family: georgia, palatino, serif;\"><strong>Schenkel:<\/strong> kurz und kr\u00e4ftig; wenig sichtbar; gut befiedert, jedoch ohne Geierfersen.<\/span><\/p>\n<p><span style=\"font-family: georgia, palatino, serif;\"><strong>L\u00e4ufe:<\/strong> mittellang; feinknochig; an den Au\u00dfenseiten befiedert.<\/span><\/p>\n<p><span style=\"font-family: georgia, palatino, serif;\"><strong>Zehen:<\/strong> f\u00fcnf; Au\u00dfenzehen schwach befiedert. Hinterzehen etwas nach der Innenseite der L\u00e4ufe angesetzt. Die f\u00fcnften Zehen \u00fcber den Hinterzehen sitzend und von diesen deutlich getrennt. Sie sind l\u00e4nger als die Hinterzehen und aufw\u00e4rts gerichtet.<\/span><\/p>\n<p><span style=\"font-family: georgia, palatino, serif;\"><strong>Ge\ufb01eder:<\/strong> breit; voll.<\/span><\/p>\n<p><span style=\"font-family: georgia, palatino, serif;\"><strong>Rassenmerkmale Henne<\/strong><\/span><\/p>\n<p><span style=\"font-family: georgia, palatino, serif;\">Erscheint durch den gut ausgebildeten Bauch und den tiefbr\u00fcstigen, waagerechten Rumpf ohne Klssenbildung gedrungener als der Hahn. Der Schwanz ist kurz. Die Kehllappen sind v\u00f6llig zur\u00fcckgebildet. Charakteristisch f\u00fcr die Henne ist eine gut ausgebildete Halskrause.<\/span><\/p>\n<p><span style=\"font-family: georgia, palatino, serif;\"><strong>Gewichte:<\/strong> 1300 g, Henne&nbsp;1100 g.<\/span><\/p>\n<p><span style=\"font-family: georgia, palatino, serif;\"><strong>Bruteier-Mindestgewicht:<\/strong> 40 g.<\/span><\/p>\n<p><span style=\"font-family: georgia, palatino, serif;\"><strong>Schalenfarbe der Eier:<\/strong> Gelblich.<\/span><\/p>\n<p><span style=\"font-family: georgia, palatino, serif;\"><strong>Ringgr\u00f6\u00dfen:<\/strong> Hahn 16, Henne 15.<\/span><\/p>\n<p>&nbsp;<\/p>\n\n\n<blockquote class=\"wp-block-quote\"><p> Rassegefl\u00fcgel-Standard f\u00fcr Europa (in Farbe)<br> Hobby- und Kleintierz\u00fcchter<br> Verlagsgesellschaft mbH &amp; Co. KG  <\/p><\/blockquote>\n","protected":false},"excerpt":{"rendered":"<p>Herkunft ln Deutschland erz\u00fcchtet, 1929 erstmalig ausgestellt. Gesamteindruck Bewegliches, f\u00fcnfzehiges Zwerghuhn mit vollem, breitem, aber nicht plumpem K\u00f6rper, feinem Knochenbau, mittelhoher Stellung, voller Befiederung, vollem Bart, befiederten L\u00e4ufen und sehr zutraulichem Wesen. Rassenmerkmale Hahn Rumpf: breit; tief; lang; in der Seitenansicht ein in die L\u00e4nge gezogenes, hinten etwas tieferes Viereck bildend; waagerecht getragen. Hals: mittellang; kr\u00e4ftig; voller Behang. R\u00fccken: lang; gerade; in ganzer L\u00e4nge breit. Schultern: breit. Fl\u00fcgel: fest anliegend; waagerecht getragen. Sattel: breit; voll; \ufb02ach in der Oberlinie. Schwanz: verh\u00e4ltnism\u00e4\u00dfig kurzfedrig; voll mit kurzen Sicheln bedeckt; leicht ansteigend getragen. Brust: breit; voll; tief; gut gerundet; weit nach vorn reichend. Bauch: breit, voll. Kopf: verh\u00e4ltnism\u00e4\u00dfig klein. Gesicht: befiedert. Kamm: einfach; aufrecht stehend; klein bis mittelgro\u00df; regelm\u00e4\u00dfig gezackt. Kehllappen: sehr klein; vom Bart verdeckt. Ohrlappen: vom Bart verdeckt; belanglos. Augen: orangefarbig bis rot. Schnabel: kurz; kr\u00e4ftig; hell bis hornfarbig. Bart: sehr voller Backen- und Kehlbart. Schenkel: kurz und kr\u00e4ftig; wenig sichtbar; gut befiedert, jedoch ohne Geierfersen. L\u00e4ufe: mittellang; feinknochig; an den Au\u00dfenseiten befiedert. Zehen: f\u00fcnf; Au\u00dfenzehen schwach befiedert. Hinterzehen etwas nach der Innenseite der L\u00e4ufe angesetzt. Die f\u00fcnften Zehen \u00fcber den Hinterzehen sitzend und von diesen deutlich getrennt. Sie sind l\u00e4nger als die Hinterzehen und aufw\u00e4rts gerichtet. Ge\ufb01eder: breit; voll. Rassenmerkmale Henne Erscheint durch den gut ausgebildeten Bauch und den tiefbr\u00fcstigen, waagerechten Rumpf ohne Klssenbildung gedrungener als der Hahn. Der Schwanz ist kurz. Die Kehllappen sind v\u00f6llig zur\u00fcckgebildet. Charakteristisch f\u00fcr die Henne ist eine gut ausgebildete Halskrause. Gewichte: 1300 g, Henne&nbsp;1100 g. Bruteier-Mindestgewicht: 40 g. Schalenfarbe der Eier: Gelblich. Ringgr\u00f6\u00dfen: Hahn 16, Henne 15. &nbsp; Rassegefl\u00fcgel-Standard f\u00fcr Europa (in Farbe) Hobby- und Kleintierz\u00fcchter Verlagsgesellschaft mbH &amp; Co. KG<\/p>\n","protected":false},"author":1,"featured_media":0,"parent":0,"menu_order":0,"comment_status":"closed","ping_status":"closed","template":"","meta":{"footnotes":""},"_links":{"self":[{"href":"https:\/\/xn--hof-httenland-0ob.de\/index.php?rest_route=\/wp\/v2\/pages\/237"}],"collection":[{"href":"https:\/\/xn--hof-httenland-0ob.de\/index.php?rest_route=\/wp\/v2\/pages"}],"about":[{"href":"https:\/\/xn--hof-httenland-0ob.de\/index.php?rest_route=\/wp\/v2\/types\/page"}],"author":[{"embeddable":true,"href":"https:\/\/xn--hof-httenland-0ob.de\/index.php?rest_route=\/wp\/v2\/users\/1"}],"replies":[{"embeddable":true,"href":"https:\/\/xn--hof-httenland-0ob.de\/index.php?rest_route=%2Fwp%2Fv2%2Fcomments&post=237"}],"version-history":[{"count":6,"href":"https:\/\/xn--hof-httenland-0ob.de\/index.php?rest_route=\/wp\/v2\/pages\/237\/revisions"}],"predecessor-version":[{"id":430,"href":"https:\/\/xn--hof-httenland-0ob.de\/index.php?rest_route=\/wp\/v2\/pages\/237\/revisions\/430"}],"wp:attachment":[{"href":"https:\/\/xn--hof-httenland-0ob.de\/index.php?rest_route=%2Fwp%2Fv2%2Fmedia&parent=237"}],"curies":[{"name":"wp","href":"https:\/\/api.w.org\/{rel}","templated":true}]}}