{"id":142,"date":"2019-02-24T13:50:58","date_gmt":"2019-02-24T13:50:58","guid":{"rendered":"http:\/\/xn--hof-httenland-0ob.de\/?page_id=142"},"modified":"2019-02-27T14:38:28","modified_gmt":"2019-02-27T14:38:28","slug":"gefluegel","status":"publish","type":"page","link":"https:\/\/xn--hof-httenland-0ob.de\/?page_id=142","title":{"rendered":"Gefl\u00fcgel"},"content":{"rendered":"<div class=\"articlearea\">\n<p><span style=\"font-family: georgia, palatino, serif; font-size: 16px;\">Das Halten von Gefl\u00fcgel auf Hof H\u00fcttenland dient haupts\u00e4chlich der Erhaltung gef\u00e4hrdeter Rassen. Die meisten davon geh\u00f6ren zu den bedrohten Rassen und stehen auf der sogenannten \u201eRoten Liste\u201c. Um die Verbreitung der Tiere zu gew\u00e4hrleisten, m\u00fcssen sie vermarktet werden.<\/span><\/p>\n<p><span style=\"font-family: georgia, palatino, serif; font-size: 16px;\">Dies passiert im Allgemeinen schon \u00fcber die Abgabe von Bruteiern. Eine Abgabe erfolgt ausschlie\u00dflich nach Beendigung der Brutsaison. Das ist in der Regel Ende April. Dann erfolgt die Abgabe als K\u00fcken, nach Vollendung der 2. &#8211; 3. Lebenswoche, jedoch ohne Geschlechtsgarantie. Ab diesem Zeitpunkt sind die K\u00fcken futterfest und gegen Marek und Kokzidiose geimpft. Viermal\u00a0im Jahr wird\u00a0unser\u00a0Gefl\u00fcgel\u00a0gegen Newcastle geimpft. Dies ist gesetzlich vorgeschrieben.\u00a0Durchweg werden dann Jungtiere jeden Alters abgegeben.<\/span><\/p>\n<p><span style=\"font-family: georgia, palatino, serif; font-size: 16px;\">Um unsere Tiere der \u00d6ffentlichkeit zeigen zu k\u00f6nnen, besuchen wir auch Gefl\u00fcgelausstellungen. 2013 wurden wir in Neum\u00fcnster auf der Landesgefl\u00fcgelschau Landesmeister mit den Deutschen Lachsen in wei\u00df-schwarz-columbia.<\/span><\/p>\n<p><span style=\"font-family: georgia, palatino, serif; font-size: 16px;\">Wo eine Zucht stattfindet, bleiben nat\u00fcrlich auch Tiere \u00fcbrig, die keiner m\u00f6chte. Darunter z\u00e4hlen vor allem die H\u00e4hne. Die H\u00e4hne werden bei uns genauso liebevoll und mit dem besten Futter aufgezogen, wie alle anderen Tiere auch. Da ein Weiterverkauf zur Zucht eher selten stattfindet, werden die meisten H\u00e4hne artgerecht geschlachtet und weiter vermarktet.<\/span><\/p>\n<p><span style=\"font-family: georgia, palatino, serif; font-size: 16px;\">Die Preise sind individuell.\u00a0Bitte erfragen Sie sie \u00fcber das\u00a0<a href=\"https:\/\/xn--hof-httenland-0ob.de\/?page_id=306\">Kontaktformular<\/a>.<\/span><\/p>\n<\/div>\n","protected":false},"excerpt":{"rendered":"<p>Das Halten von Gefl\u00fcgel auf Hof H\u00fcttenland dient haupts\u00e4chlich der Erhaltung gef\u00e4hrdeter Rassen. Die meisten davon geh\u00f6ren zu den bedrohten Rassen und stehen auf der sogenannten \u201eRoten Liste\u201c. Um die Verbreitung der Tiere zu gew\u00e4hrleisten, m\u00fcssen sie vermarktet werden. Dies passiert im Allgemeinen schon \u00fcber die Abgabe von Bruteiern. Eine Abgabe erfolgt ausschlie\u00dflich nach Beendigung der Brutsaison. Das ist in der Regel Ende April. Dann erfolgt die Abgabe als K\u00fcken, nach Vollendung der 2. &#8211; 3. Lebenswoche, jedoch ohne Geschlechtsgarantie. Ab diesem Zeitpunkt sind die K\u00fcken futterfest und gegen Marek und Kokzidiose geimpft. Viermal\u00a0im Jahr wird\u00a0unser\u00a0Gefl\u00fcgel\u00a0gegen Newcastle geimpft. Dies ist gesetzlich vorgeschrieben.\u00a0Durchweg werden dann Jungtiere jeden Alters abgegeben. Um unsere Tiere der \u00d6ffentlichkeit zeigen zu k\u00f6nnen, besuchen wir auch Gefl\u00fcgelausstellungen. 2013 wurden wir in Neum\u00fcnster auf der Landesgefl\u00fcgelschau Landesmeister mit den Deutschen Lachsen in wei\u00df-schwarz-columbia. Wo eine Zucht stattfindet, bleiben nat\u00fcrlich auch Tiere \u00fcbrig, die keiner m\u00f6chte. Darunter z\u00e4hlen vor allem die H\u00e4hne. Die H\u00e4hne werden bei uns genauso liebevoll und mit dem besten Futter aufgezogen, wie alle anderen Tiere auch. Da ein Weiterverkauf zur Zucht eher selten stattfindet, werden die meisten H\u00e4hne artgerecht geschlachtet und weiter vermarktet. Die Preise sind individuell.\u00a0Bitte erfragen Sie sie \u00fcber das\u00a0Kontaktformular.<\/p>\n","protected":false},"author":1,"featured_media":0,"parent":0,"menu_order":0,"comment_status":"closed","ping_status":"closed","template":"","meta":{"footnotes":""},"_links":{"self":[{"href":"https:\/\/xn--hof-httenland-0ob.de\/index.php?rest_route=\/wp\/v2\/pages\/142"}],"collection":[{"href":"https:\/\/xn--hof-httenland-0ob.de\/index.php?rest_route=\/wp\/v2\/pages"}],"about":[{"href":"https:\/\/xn--hof-httenland-0ob.de\/index.php?rest_route=\/wp\/v2\/types\/page"}],"author":[{"embeddable":true,"href":"https:\/\/xn--hof-httenland-0ob.de\/index.php?rest_route=\/wp\/v2\/users\/1"}],"replies":[{"embeddable":true,"href":"https:\/\/xn--hof-httenland-0ob.de\/index.php?rest_route=%2Fwp%2Fv2%2Fcomments&post=142"}],"version-history":[{"count":4,"href":"https:\/\/xn--hof-httenland-0ob.de\/index.php?rest_route=\/wp\/v2\/pages\/142\/revisions"}],"predecessor-version":[{"id":446,"href":"https:\/\/xn--hof-httenland-0ob.de\/index.php?rest_route=\/wp\/v2\/pages\/142\/revisions\/446"}],"wp:attachment":[{"href":"https:\/\/xn--hof-httenland-0ob.de\/index.php?rest_route=%2Fwp%2Fv2%2Fmedia&parent=142"}],"curies":[{"name":"wp","href":"https:\/\/api.w.org\/{rel}","templated":true}]}}